{"id":290,"date":"2025-09-06T14:19:33","date_gmt":"2025-09-06T14:19:33","guid":{"rendered":"https:\/\/ambiance-hotel.ro\/?page_id=290"},"modified":"2025-09-06T15:45:18","modified_gmt":"2025-09-06T15:45:18","slug":"terms-and-conditions","status":"publish","type":"page","link":"https:\/\/ambiance-hotel.ro\/ro\/terms-and-conditions\/","title":{"rendered":"Terms and conditions"},"content":{"rendered":"<div class=\"row\"  id=\"row-927059367\">\n\n\n\t<div id=\"col-1564736269\" class=\"col small-12 large-12\"  >\n\t\t\t\t<div class=\"col-inner\"  >\n\t\t\t\n\t\t\t\n\n<p><strong>TERMENI \u0218I CONDIT\u0327II<\/strong><\/p>\n<p>Ultima actualizare: 05.09.2025<\/p>\n<p>Prezentul document (i\u0302mpreuna\u0306 cu toate documentele ment\u0327ionate i\u0302n acesta) stabiles\u0327te termenii s\u0327i condit\u0327iile care guverneaza\u0306 utilizarea acestui website \u2013 <a href=\"https:\/\/ambiance-hotel.ro\/ro\/\">www.ambiance-hotel.ro<\/a> (i\u0302n continuare \u201eWebsite-ul\u2019\u2019).<\/p>\n<p><u>Scopul Website-ului<\/u> este de prezentare \u0219i promovare a serviciilor de mentenan\u021b\u0103 \u0219i \u00eentre\u021binere site-uri WordPress, prestate de societatea <strong><em>AMSTAR MANAGEMENT SRL<\/em><\/strong> s\u0327i de contractare, prin intermediul Website-ului, cu poten\u021bialii clien\u021bi interesa\u021bi de aceste servicii.<\/p>\n<p>Va\u0306 ruga\u0306m sa\u0306 citit\u0327i prezen\u021bii <em>Termeni \u0219i Condi\u021bii<\/em>, <em>Politica de cookie-uri<\/em> s\u0327i <em>Politica de confident\u0327ialitate<\/em> i\u0302nainte de a utiliza Website-ul. Prin accesarea s\u0326i utilizarea Website-ului, recunoas\u0326tet\u0326i i\u0302n mod expres caracterul obligatoriu al acestor documente \u0219i va\u0306 asumat\u0326i angajamentul de a le respecta.<\/p>\n<p><strong>\u00a0<\/strong><\/p>\n<ol>\n<li><strong>CINE SUNTEM NOI<\/strong><\/li>\n<\/ol>\n<p>\u00a0<\/p>\n<p><strong><em>AMSTAR MANAGEMENT SRL,<\/em><\/strong> (\u00een continuare ,,<em>Societatea<\/em>\u2019\u2019 sau ,,<em>Noi<\/em>\u2019\u2019).<\/p>\n<p><strong>Datele noastre de contact sunt:<\/strong><\/p>\n<p>Adresa sediului: <strong>Bucuresti, Str. Baba Novac nr. 21, sect. 3<\/strong><\/p>\n<p>Adres\u0103 de e-mail: <a href=\"mailto:office@ambiance-hotel.ro\">office@ambiance-hotel.ro<\/a><\/p>\n<p>Nr. de tel.: <a href=\"tel:+40729802998\">+40729802998<\/a><\/p>\n<p>\u00a0<\/p>\n<ol start=\"2\">\n<li><strong>PROPRIETATEA INTELECTUALA\u0306 <\/strong><\/li>\n<\/ol>\n<p>Societatea este titularul exclusiv al tuturor drepturilor de proprietate intelectual\u0103 referitoare la con\u021binutul Website-ului, inclusiv, f\u0103r\u0103 a se limita la: articole, text, fotografii, ilustra\u021bii, muzic\u0103, clipuri audio \u0219i video, m\u0103rci comerciale, embleme \u0219i modele.<\/p>\n<p>Vizitatorii Website-ului pot accesa, desc\u0103rca \u015fi tip\u0103ri materialele publicate pe Website, \u00een mod gratuit, exclusiv pentru uz personal \u015fi doar \u00een scop necomercial. Ca urmare a realiz\u0103rii oric\u0103reia dintre aceste ac\u021biuni, vizitatorilor Website-ului nu li se transmite sau recuno\u0219te nici un drept, titlu sau nu li se garanteaz\u0103 nici un interes legitim cu privire la materialele publicate pe Website.<\/p>\n<p>Nicio sec\u021biune din con\u021binutul Website-ului asupra c\u0103reia Societatea are un drept de proprietate intelectual\u0103 nu poate fi reprodus\u0103, distribuit\u0103 sau publicat\u0103 sub nici o form\u0103, \u00een nici un scop sau prin niciun mijloc, f\u0103r\u0103 acordul prealabil scris al Societ\u0103\u021bii. Prin urmare, vizitatorii Website-ului declar\u0103 c\u0103, prin simpla utilizare a Website-ului \u00een\u021beleg \u0219i consimt s\u0103 nu copieze, modifice, v\u00e2nd\u0103, distribuie, transmit\u0103, afi\u0219eze, reproduc\u0103, publice sau s\u0103 nu creeze lucr\u0103ri\/opere\/derivate pe baza informa\u021biilor publicate pe Website.<\/p>\n<p><em>\u00a0<\/em><\/p>\n<ol start=\"3\">\n<li><strong>UTILIZAREA WEBSITE-ULUI <\/strong><\/li>\n<\/ol>\n<p>Prin utilizarea Website-ului va\u0306 obligat\u0327i:<\/p>\n<ol>\n<li>Sa\u0306 nu efectuat\u0327i vreo solicitare sau rezervare falsa\u0306 sau frauduloasa\u0306. I\u0302n cazul i\u0302n care avem motive i\u0302ntemeiate sa\u0306 credem ca\u0306 at\u0327i efectuat o astfel de solicitare sau rezervare, avem dreptul sa\u0306 nu r\u0103spundem acesteia s\u0327i sa\u0306 informa\u0306m i\u0302n mod corespunza\u0306tor autorita\u0306t\u0327ile competente.<\/li>\n<li>Sa\u0306 ne furnizat\u0327i nume \u0219i prenume, o adresa\u0306 de e-mail, un num\u0103r de telefon s\u0327i\/sau alte date de contact corecte s\u0327i exacte. Daca\u0306 nu ne furnizat\u0327i toate informat\u0327iile de care avem nevoie, este posibil sa\u0306 nu putem s\u0103 r\u0103spundem solicit\u0103rii sau s\u0103 d\u0103m curs rezerv\u0103rii dvs.<\/li>\n<\/ol>\n<p>Prin utilizarea Website-ului \u00een orice mod \u0219i scop, declara\u021bi ca\u0306 \u00eendeplini\u021bi condi\u021biile prev\u0103zute de lege, respectiv c\u0103 ave\u021bi capacitate de exerci\u021biu pentru \u00eencheierea de acte juridice care nasc \u00een sarcina dvs. obliga\u021biile prev\u0103zute \u00een <em>Termeni \u0219i condi\u021bii<\/em>, <em>Politica de confiden\u021bialitate<\/em> \u0219i <em>Politica de cookie-uri<\/em>.<\/p>\n<p><strong>\u00a0<\/strong><strong>Simpla utilizare a Website-ului \u0219i\/sau transmiterea unei solicit\u0103ri prin formularele disponibilie pe website, \u0219i r\u0103spunsul la aceast\u0103 solicitare nu oblig\u0103 Societatea \u00een nici un fel fa\u021b\u0103 de vizitator\/poten\u021bialul Client, respectiv nu reprezint\u0103 \u00eencheierea unui contract \u00eentre Societate \u0219i vizitator\/poten\u021bialul Client. <\/strong><\/p>\n<p><strong>\u00a0<\/strong><strong>\u00cen vederea realiz\u0103rii unei rezerv\u0103ri<\/strong> prin intermediul website-ului, se vor avea \u00een vedere urm\u0103torii pa\u0219i:<br \/>1. Accesarea butonului \u201eREZERV\u0102 ACUM\u201d.<\/p>\n<ol start=\"2\">\n<li>Verificarea disponibilit\u0103\u021bii complet\u00e2nd urm\u0103toarele informa\u021bii: dat\u0103 check-in, dat\u0103 check-out, num\u0103rul de camere, num\u0103rul adul\u021bilor \u0219i al copiilor (copii\/copii mici).<\/li>\n<li>Alegerea camerelor dorite, \u00een func\u021bie de ofertele redate pe website \u0219i accesarea butonului \u201eRezerv\u0103 acum\u201d.<\/li>\n<li>Completarea detaliilor oaspetelui: \u021bara de provenien\u021b\u0103, prenume, nume, adresa de e-mail, num\u0103rul de telefon.<\/li>\n<li>Completarea detaliilor aferente pl\u0103\u021bii: num\u0103rul cardului de credit\/debit, titularul cardului, data expir\u0103rii \u0219i codul CVC.<\/li>\n<\/ol>\n<p>5.1. Plata se poate realiza cu orice card Visa, MasterCard sau Maestro.<\/p>\n<ol start=\"6\">\n<li>Introducerea unui cod promo\u021bional (op\u021bional).<\/li>\n<li>Ad\u0103ugarea unor suplimente pentru rezervare (op\u021bional).<\/li>\n<li>Ad\u0103ugarea unor informa\u021bii personale (op\u021bional): adresa po\u0219tal\u0103, companie, ora\u0219\/loca\u021bie, scopul \u0219ederii, stat\/regiune, codul po\u0219tal sau alte date privind cererile speciale\/observa\u021biile.<\/li>\n<\/ol>\n<p><strong>\u00a0<\/strong>Prin intermediul Website-ului, Societatea invit\u0103 vizitatorul Website-ului, respectiv poten\u021bialul client la contractarea serviciilor prestate de aceasta. Vizitatorul, respectiv poten\u021bialul client va contacta Societatea (complet\u00e2nd formularele publicate pe Website \u0219i prev\u0103zute la pct. 1 din prezen\u021bii Termeni \u0219i condi\u021bii) \u00een scopul negocierilor \u0219i \u00eencheierii unui contract de prest\u0103ri servicii \u00een acest sens. \u00cen respectivul contract vor fi stabilite toate elementele esen\u021biale \u00eencheierii acestuia conform legii, dar \u0219i cele specifice, spre exemplu: obliga\u021biile \u0219i drepturile P\u0103r\u021bilor, pre\u021bul serviciilor contractate, garan\u021bii, r\u0103spundere etc.<\/p>\n<p>\u00a0<\/p>\n<ol start=\"4\">\n<li><strong>LIMITAREA RA\u0306SPUNDERII <\/strong><\/li>\n<\/ol>\n<p>Societatea nu \u00ee\u0219i asum\u0103 r\u0103spunderea pentru nici un fel de daune pe care vizitatorul Website-ului, poten\u021bialul Client sau oricare alt ter\u021b le poate suferi ca urmarea a utiliz\u0103rii Website-ului \u00een orice mod sau scop sau ca rezultat al \u00eendeplinirii conforme de c\u0103tre Societate a oric\u0103reia din obliga\u021biile legale \u0219i\/sau contractuale care \u00eei revin.<\/p>\n<p>Vizitatorul va utiliza serviciile oferite prin intermediul Website-ului \u00een totalitate pe propria r\u0103spundere. Acesta este r\u0103spunz\u0103tor pentru p\u0103strarea confiden\u021bialit\u0103\u021bii asupra informa\u021biilor transferate\/primite prin intermediul Website-ului \u0219i pentru prelucrarea acestora \u00een conformitate cu dispozi\u021biile legale \u00een materia protec\u021biei datelor cu caracter personal.<\/p>\n<p>Informa\u021biile de orice tip prezentate prin intermediul Website-ului sunt furnizate de c\u0103tre Societate \u00een forma \u0219i con\u021binutul \u00een care au fost primite sau preluate, f\u0103r\u0103 modific\u0103ri. Societatea nu garanteaz\u0103 \u0219i nu \u00ee\u0219i asum\u0103 r\u0103spunderea cu privire la corectitudinea, acurate\u021bea sau actualitatea nici uneia dintre aceste informa\u021bii.<\/p>\n<p><strong>\u00a0<\/strong><\/p>\n<ol start=\"5\">\n<li><strong>DREPTUL NOSTRU DE A MODIFICA TERMENII \u0218I CONDI\u021aIILE <\/strong><\/li>\n<\/ol>\n<p>Avem dreptul de a revizui s\u0327i modifica <em>Termenii \u0219i Condi\u021biile<\/em> i\u0302n mod ocazional s\u0326i discret\u0326ionar.<\/p>\n<p>Avet\u0327i responsabilitatea de a citi i\u0302n i\u0302ntregime <em>Termenii \u0219i Condi\u021biile<\/em>, <em>Politica de cookie-uri<\/em> s\u0327i <em>Politica de confident\u0327ialitate<\/em>, i\u0302ntruca\u0302t aplicabil\u0103 va fi varianta actualizat\u0103 a acestora, i\u0302n vigoare la momentul utiliz\u0103rii Website-ului.<\/p>\n<p><strong>\u00a0<\/strong><\/p>\n<ol start=\"6\">\n<li><strong>LEGISLAT\u0327IA APLICABILA\u0306 S\u0327I JURISDICT\u0327IA <\/strong><\/li>\n<\/ol>\n<p>Utilizarea Website-ului s\u0327i \u00eencheierea, executarea \u0219i \u00eencetarea contractelor i\u0302ncheiate cu Societatea prin intermediul Website-ului vor fi guvernate de legislat\u0327ia rom\u00e2na\u0306.<\/p>\n<p>Eventualele litigii care decurg din sau i\u0302n lega\u0306tura\u0306 cu folosirea Website-ului sau cu \u00eencheierea, executarea \u0219i \u00eencetarea acestor contracte se vor solu\u021biona pe cale amiabil\u0103 sau, \u00een cazul \u00een care aceasta nu va fi posibil\u0103, litigiile vor fi solu\u021bionate de instan\u021bele judec\u0103tore\u0219ti rom\u00e2ne competente.<\/p>\n<p>\u00a0<\/p>\n<ol start=\"7\">\n<li><strong>PRELUCRAREA DATELOR CU CARACTER PERSONAL<\/strong><\/li>\n<\/ol>\n<p>Prelucrarea datelor cu caracter personal de c\u0103tre Societate are loc cu respectarea Regulamentului (UE) 2016\/679 al Parlamentului European \u0219i al Consiliului din 27 aprilie 2016 privind protec\u021bia persoanelor fizice \u00een ceea ce prive\u0219te prelucrarea datelor cu caracter personal \u0219i privind libera circula\u021bie a acestor date, \u0219i de abrogare a Directivei nr. 95\/46\/CE (,,Regulamentul general privind protec\u021bia datelor\u2019\u2019) \u0219i a legisla\u021biei na\u021bionale relevante \u00een materia protec\u021biei datelor cu caracter personal.<\/p>\n<p style=\"text-align: left;\">Pentru a cunoa\u0219te mai mult detalii legate de prelucrarea datelor cu caracter personal, v\u0103 rug\u0103m s\u0103 consulta\u021bi <a href=\"https:\/\/ambiance-hotel.ro\/ro\/privacy-policy\/\"><em>Politica de confiden\u021bialitate<\/em><\/a> \u0219i <a href=\"https:\/\/ambiance-hotel.ro\/ro\/cookie-policy\/\"><em>Politica de cookie-uri<\/em><\/a><\/p>\n<p>De asemenea pentru orice \u00eentreb\u0103ri sau solicit\u0103ri privind protec\u021bia datelor cu caracter personal v\u0103 rug\u0103m s\u0103 ne contacta\u021bi la adresa de email: office@ambiance-hotel.ro .<\/p>\n\n\t\t<\/div>\n\t\t\t\t\t<\/div>\n\n\t\n\n<\/div>","protected":false},"excerpt":{"rendered":"","protected":false},"author":1,"featured_media":0,"parent":0,"menu_order":0,"comment_status":"closed","ping_status":"closed","template":"","meta":{"footnotes":""},"class_list":["post-290","page","type-page","status-publish","hentry"],"_links":{"self":[{"href":"https:\/\/ambiance-hotel.ro\/ro\/wp-json\/wp\/v2\/pages\/290","targetHints":{"allow":["GET"]}}],"collection":[{"href":"https:\/\/ambiance-hotel.ro\/ro\/wp-json\/wp\/v2\/pages"}],"about":[{"href":"https:\/\/ambiance-hotel.ro\/ro\/wp-json\/wp\/v2\/types\/page"}],"author":[{"embeddable":true,"href":"https:\/\/ambiance-hotel.ro\/ro\/wp-json\/wp\/v2\/users\/1"}],"replies":[{"embeddable":true,"href":"https:\/\/ambiance-hotel.ro\/ro\/wp-json\/wp\/v2\/comments?post=290"}],"version-history":[{"count":2,"href":"https:\/\/ambiance-hotel.ro\/ro\/wp-json\/wp\/v2\/pages\/290\/revisions"}],"predecessor-version":[{"id":293,"href":"https:\/\/ambiance-hotel.ro\/ro\/wp-json\/wp\/v2\/pages\/290\/revisions\/293"}],"wp:attachment":[{"href":"https:\/\/ambiance-hotel.ro\/ro\/wp-json\/wp\/v2\/media?parent=290"}],"curies":[{"name":"wp","href":"https:\/\/api.w.org\/{rel}","templated":true}]}}