{"id":326,"date":"2025-11-14T13:19:05","date_gmt":"2025-11-14T13:19:05","guid":{"rendered":"https:\/\/ambiance-hotel.ro\/?page_id=326"},"modified":"2026-02-05T12:46:23","modified_gmt":"2026-02-05T12:46:23","slug":"arcul-de-triumf-residence","status":"publish","type":"page","link":"https:\/\/ambiance-hotel.ro\/ro\/arcul-de-triumf-residence\/","title":{"rendered":"Arcul de Triumf &#8211; fi\u0219\u0103 anuntare a sosirii"},"content":{"rendered":"\n\n\t<section class=\"section\" id=\"section_2139851082\">\n\t\t<div class=\"section-bg fill\" >\n\t\t\t\t\t\t\t\t\t\n\t\t\t\n\n\t\t<\/div>\n\n\t\t\n\n\t\t<div class=\"section-content relative\">\n\t\t\t\n\n<div class=\"row row-full-width align-middle align-center\"  id=\"row-164895589\">\n\n\n\t<div id=\"col-234863946\" class=\"col medium-6 small-12 large-6\"  >\n\t\t\t\t<div class=\"col-inner text-center\"  >\n\t\t\t\n\t\t\t\n\n\t<div id=\"text-648989192\" class=\"text\">\n\t\t\n\n<h1><span data-text-color=\"secondary\">Arcul de Triumf Residence<\/span><\/h1>\n\t\t\n<style>\n#text-648989192 {\n  font-size: 1.45rem;\n  line-height: 1.25;\n}\n@media (min-width:550px) {\n  #text-648989192 {\n    font-size: 1.9rem;\n  }\n}\n<\/style>\n\t<\/div>\n\t\n\t<div id=\"text-547106662\" class=\"text\">\n\t\t\n\n<div class=\"col-12\">\n<h2>Fi\u0219\u0103 de anun\u0219are a sosirii \u0219i plec\u0103rii \/ Arrival and departure registration form<\/h2>\n<\/div>\n<p>Conform HG 237\/2001, turistii au obligatia sa completeze \u201eFisa de Anuntare a Sosirii si Plecarii\u201d la check-in, asa ca va rugam sa ne acordati cateva momente si sa completati urmatorul formular \/ According to Romanian legislation HG 237\/2001, tourists are required to fill out the &#8220;Arrival and Departure Registration Form&#8221; at check-in, so please take a few moments and fill out the following form<\/p>\n\t\t\n<style>\n#text-547106662 {\n  font-size: 0.9rem;\n}\n<\/style>\n\t<\/div>\n\t\n\n\n<div id=\"quform-9a575c\" class=\"quform quform-3 quform-theme-bootstrap quform-support-page-caching\"><form id=\"quform-form-9a575c\" class=\"quform-form quform-form-3\" action=\"\/ro\/wp-json\/wp\/v2\/pages\/326#quform-9a575c\" method=\"post\" enctype=\"multipart\/form-data\" novalidate=\"novalidate\" data-options=\"{&quot;id&quot;:3,&quot;uniqueId&quot;:&quot;9a575c&quot;,&quot;theme&quot;:&quot;bootstrap&quot;,&quot;ajax&quot;:true,&quot;logic&quot;:{&quot;logic&quot;:[],&quot;dependents&quot;:[],&quot;elementIds&quot;:[],&quot;dependentElementIds&quot;:[],&quot;animate&quot;:true},&quot;currentPageId&quot;:1,&quot;errorsIcon&quot;:&quot;&quot;,&quot;updateFancybox&quot;:true,&quot;hasPages&quot;:false,&quot;pages&quot;:[1],&quot;pageProgressType&quot;:&quot;numbers&quot;,&quot;tooltipsEnabled&quot;:true,&quot;tooltipClasses&quot;:&quot;qtip-quform-dark qtip-shadow&quot;,&quot;tooltipMy&quot;:&quot;left center&quot;,&quot;tooltipAt&quot;:&quot;right center&quot;,&quot;isRtl&quot;:false,&quot;scrollOffset&quot;:-50,&quot;scrollSpeed&quot;:800}\"><button class=\"quform-default-submit\" name=\"quform_submit\" type=\"submit\" value=\"submit\" aria-hidden=\"true\" tabindex=\"-1\"><\/button><div class=\"quform-form-inner quform-form-inner-3\"><input type=\"hidden\" name=\"quform_form_id\" value=\"3\" \/><input type=\"hidden\" name=\"quform_form_uid\" value=\"9a575c\" \/><input type=\"hidden\" name=\"quform_count\" value=\"1\" \/><input type=\"hidden\" name=\"form_url\" value=\"https:\/\/ambiance-hotel.ro\/ro\/wp-json\/wp\/v2\/pages\/326\" \/><input type=\"hidden\" name=\"referring_url\" value=\"\" \/><input type=\"hidden\" name=\"post_id\" value=\"\" \/><input type=\"hidden\" name=\"post_title\" value=\"\" \/><input type=\"hidden\" name=\"quform_current_page_id\" value=\"1\" \/><input type=\"hidden\" name=\"quform_loaded\" value=\"1777514696|6d0eb9fb13b2676addc4470e256d1a78\" \/><input type=\"hidden\" name=\"quform_csrf_token\" value=\"aUbjlTKfp1EAsGXl8bfjBMyQZ9CZegSXTJdiflQB\" \/><div class=\"quform-elements quform-elements-3 quform-cf quform-responsive-elements-phone-landscape\"><div class=\"quform-element quform-element-page quform-page-1 quform-page-3_1 quform-cf quform-group-style-plain quform-first-page quform-last-page quform-current-page\"><div class=\"quform-child-elements\"><div class=\"quform-element quform-element-text quform-element-3_4 quform-cf quform-element-required\"><div class=\"quform-spacer\"><div class=\"quform-label quform-label-3_4\"><span class=\"quform-label-icon\"><i class=\"fa fa-user-o\"><\/i><\/span><label class=\"quform-label-text\" for=\"quform_3_4_9a575c\">Nume \u0219i Prenume\/ Name and Surname<span class=\"quform-required\">*<\/span><\/label><\/div><div class=\"quform-inner quform-inner-text quform-inner-3_4 quform-field-size-fat\"><div class=\"quform-input quform-input-text quform-input-3_4 quform-cf\"><input type=\"text\" id=\"quform_3_4_9a575c\" name=\"quform_3_4\" class=\"quform-field quform-field-text quform-field-3_4\" \/><\/div><\/div><\/div><\/div><div class=\"quform-element quform-element-date quform-element-3_5 quform-cf quform-element-required\"><div class=\"quform-spacer\"><div class=\"quform-label quform-label-3_5\"><label class=\"quform-label-text\" for=\"quform_3_5_9a575c\">Data na\u0219terii \/ Date of birth<span class=\"quform-required\">*<\/span><\/label><\/div><div class=\"quform-inner quform-inner-date quform-inner-3_5 quform-field-size-fat\"><div class=\"quform-input quform-input-date quform-input-3_5 quform-cf quform-has-field-icon-right\"><input type=\"text\" id=\"quform_3_5_9a575c\" name=\"quform_3_5\" class=\"quform-field quform-field-date quform-field-3_5\" placeholder=\"YYYY-MM-DD\" data-options=\"{&quot;format&quot;:&quot;&quot;,&quot;min&quot;:&quot;&quot;,&quot;max&quot;:&quot;&quot;,&quot;start&quot;:&quot;month&quot;,&quot;depth&quot;:&quot;month&quot;,&quot;showFooter&quot;:false,&quot;locale&quot;:&quot;ro-RO&quot;,&quot;placeholder&quot;:&quot;&quot;,&quot;autoOpen&quot;:true,&quot;identifier&quot;:&quot;3_5&quot;}\" \/><span class=\"quform-field-icon quform-field-icon-right\"><i class=\"qicon-calendar\"><\/i><\/span><\/div><\/div><\/div><\/div><div class=\"quform-element quform-element-text quform-element-3_6 quform-cf quform-element-required\"><div class=\"quform-spacer\"><div class=\"quform-label quform-label-3_6\"><span class=\"quform-label-icon\"><i class=\"fa fa-map-o\"><\/i><\/span><label class=\"quform-label-text\" for=\"quform_3_6_9a575c\">Locul na\u0219terii \/ Place of birth<span class=\"quform-required\">*<\/span><\/label><\/div><div class=\"quform-inner quform-inner-text quform-inner-3_6 quform-field-size-fat\"><div class=\"quform-input quform-input-text quform-input-3_6 quform-cf\"><input type=\"text\" id=\"quform_3_6_9a575c\" name=\"quform_3_6\" class=\"quform-field quform-field-text quform-field-3_6\" \/><\/div><\/div><\/div><\/div><div class=\"quform-element quform-element-text quform-element-3_7 quform-cf quform-element-required\"><div class=\"quform-spacer\"><div class=\"quform-label quform-label-3_7\"><span class=\"quform-label-icon\"><i class=\"fa fa-flag-o\"><\/i><\/span><label class=\"quform-label-text\" for=\"quform_3_7_9a575c\">Cet\u0103\u021benia \/ Nationality<span class=\"quform-required\">*<\/span><\/label><\/div><div class=\"quform-inner quform-inner-text quform-inner-3_7 quform-field-size-fat\"><div class=\"quform-input quform-input-text quform-input-3_7 quform-cf\"><input type=\"text\" id=\"quform_3_7_9a575c\" name=\"quform_3_7\" class=\"quform-field quform-field-text quform-field-3_7\" \/><\/div><\/div><\/div><\/div><div class=\"quform-element quform-element-html quform-element-3_8 quform-cf\"><div class=\"quform-spacer\"><h2>DOMICILIUL \/ RESIDENCE<\/h2><\/div><\/div><div class=\"quform-element quform-element-text quform-element-3_9 quform-cf quform-element-required\"><div class=\"quform-spacer\"><div class=\"quform-label quform-label-3_9\"><label class=\"quform-label-text\" for=\"quform_3_9_9a575c\">Localitatea \/ Town<span class=\"quform-required\">*<\/span><\/label><\/div><div class=\"quform-inner quform-inner-text quform-inner-3_9 quform-field-size-fat\"><div class=\"quform-input quform-input-text quform-input-3_9 quform-cf\"><input type=\"text\" id=\"quform_3_9_9a575c\" name=\"quform_3_9\" class=\"quform-field quform-field-text quform-field-3_9\" \/><\/div><\/div><\/div><\/div><div class=\"quform-element quform-element-text quform-element-3_10 quform-cf quform-element-required\"><div class=\"quform-spacer\"><div class=\"quform-label quform-label-3_10\"><label class=\"quform-label-text\" for=\"quform_3_10_9a575c\">Strada \/ Street<span class=\"quform-required\">*<\/span><\/label><\/div><div class=\"quform-inner quform-inner-text quform-inner-3_10 quform-field-size-fat\"><div class=\"quform-input quform-input-text quform-input-3_10 quform-cf\"><input type=\"text\" id=\"quform_3_10_9a575c\" name=\"quform_3_10\" class=\"quform-field quform-field-text quform-field-3_10\" \/><\/div><\/div><\/div><\/div><div class=\"quform-element quform-element-text quform-element-3_11 quform-cf quform-element-required\"><div class=\"quform-spacer\"><div class=\"quform-label quform-label-3_11\"><label class=\"quform-label-text\" for=\"quform_3_11_9a575c\">Nr. \/ No. <span class=\"quform-required\">*<\/span><\/label><\/div><div class=\"quform-inner quform-inner-text quform-inner-3_11 quform-field-size-fat\"><div class=\"quform-input quform-input-text quform-input-3_11 quform-cf\"><input type=\"text\" id=\"quform_3_11_9a575c\" name=\"quform_3_11\" class=\"quform-field quform-field-text quform-field-3_11\" \/><\/div><\/div><\/div><\/div><div class=\"quform-element quform-element-text quform-element-3_12 quform-cf quform-element-required\"><div class=\"quform-spacer\"><div class=\"quform-label quform-label-3_12\"><label class=\"quform-label-text\" for=\"quform_3_12_9a575c\">\u021aara \/ Country<span class=\"quform-required\">*<\/span><\/label><\/div><div class=\"quform-inner quform-inner-text quform-inner-3_12 quform-field-size-fat\"><div class=\"quform-input quform-input-text quform-input-3_12 quform-cf\"><input type=\"text\" id=\"quform_3_12_9a575c\" name=\"quform_3_12\" class=\"quform-field quform-field-text quform-field-3_12\" \/><\/div><\/div><\/div><\/div><div class=\"quform-element quform-element-date quform-element-3_13 quform-cf quform-element-required\"><div class=\"quform-spacer\"><div class=\"quform-label quform-label-3_13\"><label class=\"quform-label-text\" for=\"quform_3_13_9a575c\">Data sosirii \/ Date of arrival<span class=\"quform-required\">*<\/span><\/label><\/div><div class=\"quform-inner quform-inner-date quform-inner-3_13 quform-field-size-fat\"><div class=\"quform-input quform-input-date quform-input-3_13 quform-cf quform-has-field-icon-right\"><input type=\"text\" id=\"quform_3_13_9a575c\" name=\"quform_3_13\" class=\"quform-field quform-field-date quform-field-3_13\" placeholder=\"YYYY-MM-DD\" data-options=\"{&quot;format&quot;:&quot;&quot;,&quot;min&quot;:&quot;&quot;,&quot;max&quot;:&quot;&quot;,&quot;start&quot;:&quot;month&quot;,&quot;depth&quot;:&quot;month&quot;,&quot;showFooter&quot;:false,&quot;locale&quot;:&quot;ro-RO&quot;,&quot;placeholder&quot;:&quot;&quot;,&quot;autoOpen&quot;:true,&quot;identifier&quot;:&quot;3_13&quot;}\" \/><span class=\"quform-field-icon quform-field-icon-right\"><i class=\"qicon-calendar\"><\/i><\/span><\/div><\/div><\/div><\/div><div class=\"quform-element quform-element-textarea quform-element-3_607620 quform-sr-only quform-cf\" style=\"clip: rect(1px, 1px, 1px, 1px); clip-path: inset(50%); position: absolute !important; height: 1px; width: 1px; overflow: hidden;\"><div class=\"quform-spacer\"><div class=\"quform-label quform-label-3_607620\"><label class=\"quform-label-text\" for=\"quform_3_607620_9a575c\">Email<span class=\"quform-required\">*<\/span><\/label><\/div><div class=\"quform-inner quform-inner-3_607620\"><textarea id=\"quform_3_607620_9a575c\" name=\"quform_3_607620\" class=\"quform-field quform-field-textarea quform-field-3_607620\" tabindex=\"-1\" autocomplete=\"new-password\"><\/textarea><\/div><\/div><\/div><div class=\"quform-element quform-element-date quform-element-3_14 quform-cf quform-element-required\"><div class=\"quform-spacer\"><div class=\"quform-label quform-label-3_14\"><label class=\"quform-label-text\" for=\"quform_3_14_9a575c\">Data plec\u0103rii \/ Date of departure<span class=\"quform-required\">*<\/span><\/label><\/div><div class=\"quform-inner quform-inner-date quform-inner-3_14 quform-field-size-fat\"><div class=\"quform-input quform-input-date quform-input-3_14 quform-cf quform-has-field-icon-right\"><input type=\"text\" id=\"quform_3_14_9a575c\" name=\"quform_3_14\" class=\"quform-field quform-field-date quform-field-3_14\" placeholder=\"YYYY-MM-DD\" data-options=\"{&quot;format&quot;:&quot;&quot;,&quot;min&quot;:&quot;&quot;,&quot;max&quot;:&quot;&quot;,&quot;start&quot;:&quot;month&quot;,&quot;depth&quot;:&quot;month&quot;,&quot;showFooter&quot;:false,&quot;locale&quot;:&quot;ro-RO&quot;,&quot;placeholder&quot;:&quot;&quot;,&quot;autoOpen&quot;:true,&quot;identifier&quot;:&quot;3_14&quot;}\" \/><span class=\"quform-field-icon quform-field-icon-right\"><i class=\"qicon-calendar\"><\/i><\/span><\/div><\/div><\/div><\/div><div class=\"quform-element quform-element-text quform-element-3_15 quform-cf quform-element-required\"><div class=\"quform-spacer\"><div class=\"quform-label quform-label-3_15\"><label class=\"quform-label-text\" for=\"quform_3_15_9a575c\">Scopul c\u0103l\u0103toriei \u00een Rom\u00e2nia \/ Purpose of travelling to Romania<span class=\"quform-required\">*<\/span><\/label><\/div><div class=\"quform-inner quform-inner-text quform-inner-3_15 quform-field-size-fat\"><div class=\"quform-input quform-input-text quform-input-3_15 quform-cf\"><input type=\"text\" id=\"quform_3_15_9a575c\" name=\"quform_3_15\" class=\"quform-field quform-field-text quform-field-3_15\" \/><\/div><\/div><\/div><\/div><div class=\"quform-element quform-element-select quform-element-3_16 quform-cf quform-element-required\"><div class=\"quform-spacer\"><div class=\"quform-label quform-label-3_16\"><label class=\"quform-label-text\" for=\"quform_3_16_9a575c\">TIP Act de identitate \/ TYPE of Identity document<span class=\"quform-required\">*<\/span><\/label><\/div><div class=\"quform-inner quform-inner-select quform-inner-3_16 quform-field-size-fat\"><div class=\"quform-input quform-input-select quform-input-3_16 quform-cf\"><select id=\"quform_3_16_9a575c\" name=\"quform_3_16\" class=\"quform-field quform-field-select quform-field-3_16\"><option value=\"\" selected=\"selected\">Selecteaz\u0103 \/ Please select<\/option><option value=\"C.I. \/ Identity Card\">C.I. \/ Identity Card<\/option><option value=\"Pa\u0219aport \/ Passport\">Pa\u0219aport \/ Passport<\/option><option value=\"Alt document \/ Other document\">Alt document \/ Other document<\/option><\/select><\/div><\/div><\/div><\/div><div class=\"quform-element quform-element-text quform-element-3_17 quform-cf quform-element-required\"><div class=\"quform-spacer\"><div class=\"quform-label quform-label-3_17\"><label class=\"quform-label-text\" for=\"quform_3_17_9a575c\">Serie document identitate \/ Series of the document<span class=\"quform-required\">*<\/span><\/label><\/div><div class=\"quform-inner quform-inner-text quform-inner-3_17 quform-field-size-fat\"><div class=\"quform-input quform-input-text quform-input-3_17 quform-cf\"><input type=\"text\" id=\"quform_3_17_9a575c\" name=\"quform_3_17\" class=\"quform-field quform-field-text quform-field-3_17\" \/><\/div><\/div><\/div><\/div><div class=\"quform-element quform-element-text quform-element-3_18 quform-cf quform-element-optional\"><div class=\"quform-spacer\"><div class=\"quform-label quform-label-3_18\"><label class=\"quform-label-text\" for=\"quform_3_18_9a575c\">Num\u0103r document identitate \/ Number of document<\/label><\/div><div class=\"quform-inner quform-inner-text quform-inner-3_18 quform-field-size-fat\"><div class=\"quform-input quform-input-text quform-input-3_18 quform-cf\"><input type=\"text\" id=\"quform_3_18_9a575c\" name=\"quform_3_18\" class=\"quform-field quform-field-text quform-field-3_18\" \/><\/div><\/div><\/div><\/div><div class=\"quform-element quform-element-text quform-element-3_19 quform-cf quform-element-required\"><div class=\"quform-spacer\"><div class=\"quform-label quform-label-3_19\"><label class=\"quform-label-text\" for=\"quform_3_19_9a575c\">Num\u0103r telefon \/ Phone number<span class=\"quform-required\">*<\/span><\/label><\/div><div class=\"quform-inner quform-inner-text quform-inner-3_19 quform-field-size-fat\"><div class=\"quform-input quform-input-text quform-input-3_19 quform-cf\"><input type=\"text\" id=\"quform_3_19_9a575c\" name=\"quform_3_19\" class=\"quform-field quform-field-text quform-field-3_19\" \/><\/div><\/div><\/div><\/div><div class=\"quform-element quform-element-email quform-element-3_20 quform-cf quform-element-required\"><div class=\"quform-spacer\"><div class=\"quform-label quform-label-3_20\"><label class=\"quform-label-text\" for=\"quform_3_20_9a575c\">Adresa de email \/ Email address<span class=\"quform-required\">*<\/span><\/label><\/div><div class=\"quform-inner quform-inner-email quform-inner-3_20 quform-field-size-fat\"><div class=\"quform-input quform-input-email quform-input-3_20 quform-cf\"><input type=\"email\" id=\"quform_3_20_9a575c\" name=\"quform_3_20\" class=\"quform-field quform-field-email quform-field-3_20\" \/><\/div><\/div><\/div><\/div><div class=\"quform-element quform-element-file quform-element-3_23 quform-cf quform-element-required\"><div class=\"quform-spacer\"><div class=\"quform-label quform-label-3_23\"><label class=\"quform-label-text\" for=\"quform_3_23_9a575c\">\u00cencarc\u0103 C.I. \/ Upload ID CArd<span class=\"quform-required\">*<\/span><\/label><\/div><div class=\"quform-inner quform-inner-file quform-inner-3_23 quform-field-size-fat\"><div class=\"quform-input quform-input-file quform-input-3_23 quform-cf quform-button-style-theme quform-button-size-fat quform-button-width-large\"><input type=\"file\" id=\"quform_3_23_9a575c\" name=\"quform_3_23[]\" class=\"quform-field quform-field-file quform-field-3_23 quform-field-file-enhanced\" multiple data-config=\"{&quot;id&quot;:23,&quot;identifier&quot;:&quot;3_23&quot;,&quot;name&quot;:&quot;quform_3_23&quot;,&quot;max&quot;:2,&quot;size&quot;:10485760,&quot;allowedExtensions&quot;:[&quot;jpg&quot;,&quot;jpeg&quot;,&quot;png&quot;,&quot;gif&quot;],&quot;notAllowedTypeWithFilename&quot;:&quot;Tipul de fi\\u0219ier \\&quot;%filename%\\&quot; nu este permis&quot;,&quot;tooBigWithFilename&quot;:&quot;Fi\\u0219ierul \\&quot;%filename%\\&quot; dep\\u0103\\u0219e\\u0219te dimensiunea maxim\\u0103 permis\\u0103 a fi\\u0219ierului&quot;,&quot;tooMany&quot;:&quot;Nu pute\\u021bi \\u00eenc\\u0103rca mai mult de %max% fi\\u0219iere&quot;,&quot;buttonType&quot;:&quot;button&quot;,&quot;buttonText&quot;:&quot;\\u00cencarc\\u0103 \\\/ Browse&quot;,&quot;buttonIcon&quot;:&quot;qicon-file_upload&quot;,&quot;buttonIconPosition&quot;:&quot;right&quot;}\" \/><\/div><p class=\"quform-description quform-description-below\">Formate de fi\u0219ier acceptate jpg, jpeg, png, gif - max 2 fi\u0219iere, max 10 MB \/ File formats accepted: jpg, jpeg, png, gif, maximum 2 files, maximum capacity 10MB<\/p><\/div><\/div><\/div><div class=\"quform-element quform-element-html quform-element-3_25 quform-cf\"><div class=\"quform-spacer\"><p><em>Copia documentului este folosita pentru verificarea datelor completate, dupa care se va sterge automat \/ The copy of the document is used to verify the completed data, after which it will be deleted automatically.<\/em><\/p><\/div><\/div><div class=\"quform-element quform-element-html quform-element-3_24 quform-cf\"><div class=\"quform-spacer\"><div class=\"quform-label\"><label class=\"quform-label-text\">Semneaz\u0103 aici \/ Sign here<span class=\"quform-required\">*<\/span><\/label><\/div>\n<div class=\"quform-inner quform-inner-text\">\n<div class=\"quform-input quform-input-text quform-cf\">\n<div class=\"signature-pad\"><canvas width=\"300\" height=\"150\"><\/canvas>\n<div class=\"signature-clear\">Clear<\/div>\n<input name=\"signature\" type=\"hidden\" \/>\n<\/div>\n<\/div>\n<\/div><\/div><\/div><div class=\"quform-element quform-element-checkbox quform-element-3_26 quform-cf quform-element-required\"><div class=\"quform-spacer\"><div class=\"quform-inner quform-inner-checkbox quform-inner-3_26 quform-field-size-fat\"><div class=\"quform-input quform-input-checkbox quform-input-3_26 quform-cf\"><div class=\"quform-options quform-cf quform-options-block quform-options-simple\"><div class=\"quform-option\"><input type=\"checkbox\" name=\"quform_3_26[]\" id=\"quform_3_26_9a575c_1\" class=\"quform-field quform-field-checkbox quform-field-3_26 quform-field-3_26_1\" value=\"Am luat la cuno\u0219tin\u021b\u0103 \u0219i sunt de acord cu politica de prelucrare a datelor cu caracter personal \/ I have read and I agree with Personal Data Processing Policy\" \/><label for=\"quform_3_26_9a575c_1\" class=\"quform-option-label quform-option-label-3_26_1\"><span class=\"quform-option-text\">Am luat la cuno\u0219tin\u021b\u0103 \u0219i sunt de acord cu politica de prelucrare a datelor cu caracter personal \/ I have read and I agree with Personal Data Processing Policy<\/span><\/label><\/div><\/div><\/div><\/div><\/div><\/div><div class=\"quform-element quform-element-checkbox quform-element-3_27 quform-cf quform-element-required\"><div class=\"quform-spacer\"><div class=\"quform-inner quform-inner-checkbox quform-inner-3_27 quform-field-size-fat\"><div class=\"quform-input quform-input-checkbox quform-input-3_27 quform-cf\"><div class=\"quform-options quform-cf quform-options-block quform-options-simple\"><div class=\"quform-option\"><input type=\"checkbox\" name=\"quform_3_27[]\" id=\"quform_3_27_9a575c_1\" class=\"quform-field quform-field-checkbox quform-field-3_27 quform-field-3_27_1\" value=\"                 Declar ca toate informatiile furnizate sunt corecte si corespund cu realitatea. Imi asum responsabilitatea privind falsul in declaratii (confrom Legii nr 286\/2009 Cod Penal) \/ I declare that all the information provided is correct and corresponds to reality. I take responsibility for false declarations (according to Law no. 286\/2009 Criminal Code) \" \/><label for=\"quform_3_27_9a575c_1\" class=\"quform-option-label quform-option-label-3_27_1\"><span class=\"quform-option-text\">                 Declar ca toate informatiile furnizate sunt corecte si corespund cu realitatea. Imi asum responsabilitatea privind falsul in declaratii (confrom Legii nr 286\/2009 Cod Penal) \/ I declare that all the information provided is correct and corresponds to reality. I take responsibility for false declarations (according to Law no. 286\/2009 Criminal Code) <\/span><\/label><\/div><\/div><\/div><\/div><\/div><\/div><div class=\"quform-element quform-element-row quform-element-row-3_30 quform-2-columns quform-element-row-size-fixed quform-responsive-columns-phone-landscape\"><div class=\"quform-element quform-element-column quform-element-3_31\"><div class=\"quform-element quform-element-html quform-element-3_33 quform-cf\"><div class=\"quform-spacer\"><a href=\"https:\/\/ambiance-hotel.ro\/ro\/terms-and-conditions\/\" target=\"_blank\" rel=\"noopener noreferrer\">\n  Termeni \u0219i condi\u021bii \/ Terms and conditions\n<\/a><\/div><\/div><\/div><div class=\"quform-element quform-element-column quform-element-3_32\"><div class=\"quform-element quform-element-html quform-element-3_34 quform-cf\"><div class=\"quform-spacer\"><a href=\"https:\/\/ambiance-hotel.ro\/ro\/privacy-policy\/\" target=\"_blank\" rel=\"noopener noreferrer\">\n  Politica de confiden\u021bialitate \/ Privacy policy\n<\/a><\/div><\/div><\/div><\/div><div class=\"quform-element quform-element-submit quform-element-3_35 quform-cf quform-button-style-theme quform-button-size-fat quform-button-width-large\"><div class=\"quform-button-submit quform-button-submit-default quform-button-submit-3_35\"><button name=\"quform_submit\" type=\"submit\" class=\"quform-submit\" value=\"submit\"><span class=\"quform-button-text quform-button-submit-text\">Trimite<\/span><\/button><\/div><div class=\"quform-loading quform-loading-position-left quform-loading-type-spinner-1\"><div class=\"quform-loading-inner\"><div class=\"quform-loading-spinner\"><div class=\"quform-loading-spinner-inner\"><\/div><\/div><\/div><\/div><\/div><\/div><\/div><\/div><div class=\"quform-upload-progress-wrap\"><div class=\"quform-upload-progress-bar-wrap\"><div class=\"quform-upload-progress-bar\"><\/div><\/div><div class=\"quform-upload-info quform-cf\"><div class=\"quform-upload-filename\"><\/div><\/div><\/div><\/div><\/form><\/div>\n\n<div class=\"row\"  id=\"row-9303813\">\n\n\n\t<div id=\"col-299980414\" class=\"col small-12 large-12\"  >\n\t\t\t\t<div class=\"col-inner\"  >\n\t\t\t\n\t\t\t\n\n<div class=\"is-divider divider clearfix\" style=\"max-width:500px;\"><\/div>\n\n<div id=\"text-810487278\" class=\"text\">\n<h3>Arcul de Triumf Residence<\/h3>\n<h3><span style=\"color: #555555; font-size: 14.4px;\">Strada Nicolae Racot\u0103 Nr. 4, Bl 69, Sc A, Bucure\u0219ti, 011392 <\/span><span style=\"color: #555555; font-size: 14.4px;\">Bucharest<\/span><\/h3>\n<\/div>\n<h6>Telephone<\/h6>\n<p><a href=\"tel:+40729802998\">+40729802998<\/a><\/p>\n<a href=\"https:\/\/maps.app.goo.gl\/Xp9kZ34tjQbC3YfU9\" target=\"_blank\" class=\"button primary is-underline lowercase\" rel=\"noopener\">\n\t\t<span>Get directions on Google Maps<\/span>\n\t<\/a>\n\n\n\n\t\t<\/div>\n\t\t\t\t\n<style>\n#col-299980414 > .col-inner {\n  padding: 20px 0px 0px 0px;\n}\n<\/style>\n\t<\/div>\n\n\t\n\n<\/div>\n\n\t\t<\/div>\n\t\t\t\t\t<\/div>\n\n\t\n\n<\/div>\n\n\t\t<\/div>\n\n\t\t\n<style>\n#section_2139851082 {\n  padding-top: 30px;\n  padding-bottom: 30px;\n}\n<\/style>\n\t<\/section>\n\t\n\n\n\n<p><\/p>\n","protected":false},"excerpt":{"rendered":"","protected":false},"author":1,"featured_media":331,"parent":0,"menu_order":0,"comment_status":"closed","ping_status":"closed","template":"page-blank-landingpage.php","meta":{"footnotes":""},"class_list":["post-326","page","type-page","status-publish","has-post-thumbnail","hentry"],"_links":{"self":[{"href":"https:\/\/ambiance-hotel.ro\/ro\/wp-json\/wp\/v2\/pages\/326","targetHints":{"allow":["GET"]}}],"collection":[{"href":"https:\/\/ambiance-hotel.ro\/ro\/wp-json\/wp\/v2\/pages"}],"about":[{"href":"https:\/\/ambiance-hotel.ro\/ro\/wp-json\/wp\/v2\/types\/page"}],"author":[{"embeddable":true,"href":"https:\/\/ambiance-hotel.ro\/ro\/wp-json\/wp\/v2\/users\/1"}],"replies":[{"embeddable":true,"href":"https:\/\/ambiance-hotel.ro\/ro\/wp-json\/wp\/v2\/comments?post=326"}],"version-history":[{"count":7,"href":"https:\/\/ambiance-hotel.ro\/ro\/wp-json\/wp\/v2\/pages\/326\/revisions"}],"predecessor-version":[{"id":371,"href":"https:\/\/ambiance-hotel.ro\/ro\/wp-json\/wp\/v2\/pages\/326\/revisions\/371"}],"wp:featuredmedia":[{"embeddable":true,"href":"https:\/\/ambiance-hotel.ro\/ro\/wp-json\/wp\/v2\/media\/331"}],"wp:attachment":[{"href":"https:\/\/ambiance-hotel.ro\/ro\/wp-json\/wp\/v2\/media?parent=326"}],"curies":[{"name":"wp","href":"https:\/\/api.w.org\/{rel}","templated":true}]}}