{"id":114,"date":"2025-05-14T08:50:02","date_gmt":"2025-05-14T08:50:02","guid":{"rendered":"https:\/\/ambiance-hotel.ro\/?post_type=product&#038;p=114"},"modified":"2025-05-14T09:02:19","modified_gmt":"2025-05-14T09:02:19","slug":"junior-suite","status":"publish","type":"product","link":"https:\/\/ambiance-hotel.ro\/ro\/produs\/junior-suite\/","title":{"rendered":"Junior Suite"},"content":{"rendered":"","protected":false},"excerpt":{"rendered":"<table id=\"tablepress-3\" class=\"tablepress tablepress-id-3\">\n<tbody>\n<tr class=\"row-1\">\n\t<td class=\"column-1\"><img loading=\"lazy\" decoding=\"async\" src=\"https:\/\/ambiance-hotel.ro\/wp-content\/uploads\/2025\/05\/Vector-4.svg\" alt=\"\" width=\"40\" height=\"40\" class=\"alignnone size-medium wp-image-232\"  role=\"img\" \/> Twin beds<\/td><td class=\"column-2\"><img loading=\"lazy\" decoding=\"async\" src=\"https:\/\/ambiance-hotel.ro\/wp-content\/uploads\/2025\/05\/Vector-3.svg\" alt=\"\" width=\"40\" height=\"40\" class=\"alignnone size-medium wp-image-233\"  role=\"img\" \/> Max. 2 oaspe\u021bi<\/td>\n<\/tr>\n<\/tbody>\n<\/table>\n<!-- #tablepress-3 from cache -->\n<p>Camerele twin dispun de aer condi\u021bionat \u0219i minibar.<\/p>\n<h3 class=\"uppercase\">Servicii &amp; facilit\u0103\u021bi<\/h3>\n\n<table id=\"tablepress-1\" class=\"tablepress tablepress-id-1\">\n<tbody>\n<tr class=\"row-1\">\n\t<td class=\"column-1\">\/ Aer condi\u021bionat cu control individual<\/td><td class=\"column-2\">\/ Serviciu de sp\u0103l\u0103torie<\/td>\n<\/tr>\n<tr class=\"row-2\">\n\t<td class=\"column-1\">\/ Baie cu cad\u0103 sau du\u0219<\/td><td class=\"column-2\">\/  Mini-Bar<\/td>\n<\/tr>\n<tr class=\"row-3\">\n\t<td class=\"column-1\">\/ Halate \u0219i papuci, articole de toalet\u0103, usc\u0103tor de p\u0103r<\/td><td class=\"column-2\">\/ Seif<\/td>\n<\/tr>\n<tr class=\"row-4\">\n\t<td class=\"column-1\">\/ Televizor<\/td><td class=\"column-2\">\/ Wi-Fi gratuit<\/td>\n<\/tr>\n<tr class=\"row-5\">\n\t<td class=\"column-1\">\/ Facilit\u0103\u021bi pentru cafea \u0219i ceai<\/td><td class=\"column-2\">\/ Birou<\/td>\n<\/tr>\n<tr class=\"row-6\">\n\t<td class=\"column-1\">\/ Cur\u0103\u021benie zilnic\u0103<\/td><td class=\"column-2\">\/ Fier \u0219i mas\u0103 de c\u0103lcat<\/td>\n<\/tr>\n<\/tbody>\n<\/table>\n<!-- #tablepress-1 from cache -->","protected":false},"featured_media":128,"comment_status":"open","ping_status":"closed","template":"","meta":[],"product_brand":[],"product_cat":[20],"product_tag":[],"class_list":{"0":"post-114","1":"product","2":"type-product","3":"status-publish","4":"has-post-thumbnail","6":"product_cat-hotal-ambiance","8":"first","9":"instock","10":"shipping-taxable","11":"product-type-simple"},"_links":{"self":[{"href":"https:\/\/ambiance-hotel.ro\/ro\/wp-json\/wp\/v2\/product\/114","targetHints":{"allow":["GET"]}}],"collection":[{"href":"https:\/\/ambiance-hotel.ro\/ro\/wp-json\/wp\/v2\/product"}],"about":[{"href":"https:\/\/ambiance-hotel.ro\/ro\/wp-json\/wp\/v2\/types\/product"}],"replies":[{"embeddable":true,"href":"https:\/\/ambiance-hotel.ro\/ro\/wp-json\/wp\/v2\/comments?post=114"}],"wp:featuredmedia":[{"embeddable":true,"href":"https:\/\/ambiance-hotel.ro\/ro\/wp-json\/wp\/v2\/media\/128"}],"wp:attachment":[{"href":"https:\/\/ambiance-hotel.ro\/ro\/wp-json\/wp\/v2\/media?parent=114"}],"wp:term":[{"taxonomy":"product_brand","embeddable":true,"href":"https:\/\/ambiance-hotel.ro\/ro\/wp-json\/wp\/v2\/product_brand?post=114"},{"taxonomy":"product_cat","embeddable":true,"href":"https:\/\/ambiance-hotel.ro\/ro\/wp-json\/wp\/v2\/product_cat?post=114"},{"taxonomy":"product_tag","embeddable":true,"href":"https:\/\/ambiance-hotel.ro\/ro\/wp-json\/wp\/v2\/product_tag?post=114"}],"curies":[{"name":"wp","href":"https:\/\/api.w.org\/{rel}","templated":true}]}}