{"id":80,"date":"2025-05-05T14:19:06","date_gmt":"2025-05-05T14:19:06","guid":{"rendered":"https:\/\/ambiance-hotel.ro\/?post_type=product&#038;p=80"},"modified":"2025-05-05T14:19:06","modified_gmt":"2025-05-05T14:19:06","slug":"double-room","status":"publish","type":"product","link":"https:\/\/ambiance-hotel.ro\/ro\/produs\/double-room\/","title":{"rendered":"Camer\u0103 Dubl\u0103"},"content":{"rendered":"","protected":false},"excerpt":{"rendered":"<table id=\"tablepress-6\" class=\"tablepress tablepress-id-6\">\n<tbody>\n<tr class=\"row-1\">\n\t<td class=\"column-1\"><img loading=\"lazy\" decoding=\"async\" src=\"https:\/\/ambiance-hotel.ro\/wp-content\/uploads\/2025\/05\/Vector-4.svg\" alt=\"\" width=\"40\" height=\"40\" class=\"alignnone size-medium wp-image-232\"  role=\"img\" \/> Pat dublu king size<\/td><td class=\"column-2\"><img loading=\"lazy\" decoding=\"async\" src=\"https:\/\/ambiance-hotel.ro\/wp-content\/uploads\/2025\/05\/Vector-3.svg\" alt=\"\" width=\"40\" height=\"40\" class=\"alignnone size-medium wp-image-233\"  role=\"img\" \/> Max. 2 oaspe\u021bi<\/td>\n<\/tr>\n<\/tbody>\n<\/table>\n<!-- #tablepress-6 from cache -->\n<p>Rooms with air conditioning, free Wi-Fi and a flat-screen TV. A minibar is provided in the room.<\/p>\n<h3 class=\"uppercase\">Servicii &amp; facilit\u0103\u021bi<\/h3>\n\n<table id=\"tablepress-1\" class=\"tablepress tablepress-id-1\">\n<tbody>\n<tr class=\"row-1\">\n\t<td class=\"column-1\">\/ Aer condi\u021bionat cu control individual<\/td><td class=\"column-2\">\/ Serviciu de sp\u0103l\u0103torie<\/td>\n<\/tr>\n<tr class=\"row-2\">\n\t<td class=\"column-1\">\/ Baie cu cad\u0103 sau du\u0219<\/td><td class=\"column-2\">\/  Mini-Bar<\/td>\n<\/tr>\n<tr class=\"row-3\">\n\t<td class=\"column-1\">\/ Halate \u0219i papuci, articole de toalet\u0103, usc\u0103tor de p\u0103r<\/td><td class=\"column-2\">\/ Seif<\/td>\n<\/tr>\n<tr class=\"row-4\">\n\t<td class=\"column-1\">\/ Televizor<\/td><td class=\"column-2\">\/ Wi-Fi gratuit<\/td>\n<\/tr>\n<tr class=\"row-5\">\n\t<td class=\"column-1\">\/ Facilit\u0103\u021bi pentru cafea \u0219i ceai<\/td><td class=\"column-2\">\/ Birou<\/td>\n<\/tr>\n<tr class=\"row-6\">\n\t<td class=\"column-1\">\/ Cur\u0103\u021benie zilnic\u0103<\/td><td class=\"column-2\">\/ Fier \u0219i mas\u0103 de c\u0103lcat<\/td>\n<\/tr>\n<\/tbody>\n<\/table>\n<!-- #tablepress-1 from cache -->","protected":false},"featured_media":81,"comment_status":"open","ping_status":"closed","template":"","meta":[],"product_brand":[],"product_cat":[20],"product_tag":[],"class_list":{"0":"post-80","1":"product","2":"type-product","3":"status-publish","4":"has-post-thumbnail","6":"product_cat-hotal-ambiance","8":"first","9":"instock","10":"shipping-taxable","11":"product-type-simple"},"_links":{"self":[{"href":"https:\/\/ambiance-hotel.ro\/ro\/wp-json\/wp\/v2\/product\/80","targetHints":{"allow":["GET"]}}],"collection":[{"href":"https:\/\/ambiance-hotel.ro\/ro\/wp-json\/wp\/v2\/product"}],"about":[{"href":"https:\/\/ambiance-hotel.ro\/ro\/wp-json\/wp\/v2\/types\/product"}],"replies":[{"embeddable":true,"href":"https:\/\/ambiance-hotel.ro\/ro\/wp-json\/wp\/v2\/comments?post=80"}],"wp:featuredmedia":[{"embeddable":true,"href":"https:\/\/ambiance-hotel.ro\/ro\/wp-json\/wp\/v2\/media\/81"}],"wp:attachment":[{"href":"https:\/\/ambiance-hotel.ro\/ro\/wp-json\/wp\/v2\/media?parent=80"}],"wp:term":[{"taxonomy":"product_brand","embeddable":true,"href":"https:\/\/ambiance-hotel.ro\/ro\/wp-json\/wp\/v2\/product_brand?post=80"},{"taxonomy":"product_cat","embeddable":true,"href":"https:\/\/ambiance-hotel.ro\/ro\/wp-json\/wp\/v2\/product_cat?post=80"},{"taxonomy":"product_tag","embeddable":true,"href":"https:\/\/ambiance-hotel.ro\/ro\/wp-json\/wp\/v2\/product_tag?post=80"}],"curies":[{"name":"wp","href":"https:\/\/api.w.org\/{rel}","templated":true}]}}